{"id":2088,"date":"2025-08-09T21:29:36","date_gmt":"2025-08-10T03:29:36","guid":{"rendered":"https:\/\/www.fondocg.org\/?post_type=product&#038;p=2088"},"modified":"2025-08-26T18:08:52","modified_gmt":"2025-08-27T00:08:52","slug":"sesion-fotografica","status":"publish","type":"product","link":"https:\/\/www.fondocg.org\/en\/product\/sesion-fotografica\/","title":{"rendered":"Sesi\u00f3n Fotogr\u00e1fica"},"content":{"rendered":"<p>Reg\u00e1late una sesi\u00f3n porfesional para ti o tu familia en entorno exterior o interior. Conserva y atesora gratos momentos.<\/p>\n<p>&nbsp;<\/p>","protected":false},"excerpt":{"rendered":"<p>Reg\u00e1late una sesi\u00f3n porfesional para ti o tu familia en entorno exterior o interior. Conserva y atesora gratos momentos. &nbsp;<\/p>","protected":false},"featured_media":1933,"template":"","meta":{"give_campaign_id":0},"product_brand":[],"product_cat":[59],"product_tag":[39],"class_list":{"0":"post-2088","1":"product","2":"type-product","3":"status-publish","4":"has-post-thumbnail","6":"product_cat-servicios","7":"product_tag-fotografia","9":"first","10":"instock","11":"sold-individually","12":"shipping-taxable","13":"purchasable","14":"product-type-simple"},"column":"2","wpcf_product":{"display_name":"Aaron Vargas Serrano","location":"","funding_goal":"","total_raised":0,"raised_percent":"0%","desc":"Reg\u00e1late una sesi\u00f3n ","days_remaining":0,"product_thumb":"<img width=\"300\" height=\"300\" src=\"https:\/\/www.fondocg.org\/wp-content\/uploads\/2025\/07\/Articulo-subasta-02a-300x300.jpg\" class=\"attachment-woocommerce_thumbnail size-woocommerce_thumbnail\" alt=\"Sesi\u00f3n Fotogr\u00e1fica\" decoding=\"async\" srcset=\"https:\/\/www.fondocg.org\/wp-content\/uploads\/2025\/07\/Articulo-subasta-02a-300x300.jpg 300w, https:\/\/www.fondocg.org\/wp-content\/uploads\/2025\/07\/Articulo-subasta-02a-1024x1024.jpg 1024w, https:\/\/www.fondocg.org\/wp-content\/uploads\/2025\/07\/Articulo-subasta-02a-175x175.jpg 175w, https:\/\/www.fondocg.org\/wp-content\/uploads\/2025\/07\/Articulo-subasta-02a-768x768.jpg 768w, https:\/\/www.fondocg.org\/wp-content\/uploads\/2025\/07\/Articulo-subasta-02a-580x580.jpg 580w, https:\/\/www.fondocg.org\/wp-content\/uploads\/2025\/07\/Articulo-subasta-02a-160x160.jpg 160w, https:\/\/www.fondocg.org\/wp-content\/uploads\/2025\/07\/Articulo-subasta-02a-600x600.jpg 600w, https:\/\/www.fondocg.org\/wp-content\/uploads\/2025\/07\/Articulo-subasta-02a-180x180.jpg 180w, https:\/\/www.fondocg.org\/wp-content\/uploads\/2025\/07\/Articulo-subasta-02a.jpg 1224w\" sizes=\"(max-width: 300px) 100vw, 300px\" \/>"},"wpcf_dashboard":"<div class=\"woocommerce\"><div class=\"woocommerce-info\">Please log in first? <a class=\"wpneoShowLogin\" href=\"#\">Click here to login<\/a><\/div><div class=\"wpneo_login_form_div\" style=\"display: none;\"><form name=\"loginform\" id=\"loginform\" action=\"https:\/\/www.fondocg.org\/wp-login.php\" method=\"post\"><p class=\"login-username\">\n\t\t\t\t<label for=\"user_login\">Username or Email Address<\/label>\n\t\t\t\t<input type=\"text\" name=\"log\" id=\"user_login\" autocomplete=\"username\" class=\"input\" value=\"\" size=\"20\" \/>\n\t\t\t<\/p><p class=\"login-password\">\n\t\t\t\t<label for=\"user_pass\">Password<\/label>\n\t\t\t\t<input type=\"password\" name=\"pwd\" id=\"user_pass\" autocomplete=\"current-password\" spellcheck=\"false\" class=\"input\" value=\"\" size=\"20\" \/>\n\t\t\t<\/p><input type=\"hidden\" name=\"g-recaptcha-response\" class=\"agr-recaptcha-response\" value=\"\" \/><script>\r\n                function wpcaptcha_captcha(){\r\n                    grecaptcha.execute(\"6LdjVI0qAAAAAKJR8nkiHhwpuqGW5TYGsZzxR6R9\", {action: \"submit\"}).then(function(token) {\r\n                        var captchas = document.querySelectorAll(\".agr-recaptcha-response\");\r\n                        captchas.forEach(function(captcha) {\r\n                            captcha.value = token;\r\n                        });\r\n                    });\r\n                }\r\n                <\/script><script>\r\n                    jQuery(\"form.woocommerce-checkout\").on(\"submit\", function(){\r\n                        setTimeout(function(){\r\n                            wpcaptcha_captcha();\r\n                        },100);\r\n                    });\r\n                <\/script><script src='https:\/\/www.google.com\/recaptcha\/api.js?onload=wpcaptcha_captcha&render=6LdjVI0qAAAAAKJR8nkiHhwpuqGW5TYGsZzxR6R9&ver=1.31' id='wpcaptcha-recaptcha-js'><\/script><p class=\"login-remember\"><label><input name=\"rememberme\" type=\"checkbox\" id=\"rememberme\" value=\"forever\" \/> Remember Me<\/label><\/p><p class=\"login-submit\">\n\t\t\t\t<input type=\"submit\" name=\"wp-submit\" id=\"wp-submit\" class=\"button button-primary\" value=\"Log In\" \/>\n\t\t\t\t<input type=\"hidden\" name=\"redirect_to\" value=\"https:\/\/www.fondocg.org\/en\/wp-json\/wp\/v2\/product\/2088\" \/>\n\t\t\t<\/p><\/form><\/div><\/div>","wpcf_single_campaign":"\n<div class=\"wpneo-list-details cf-single-content-only\">\n\t<div itemscope itemtype=\"http:\/\/schema.org\/ItemList\">\n\t\t<div class=\"campaign-top\">\n\t\t\t<div class=\"container\">\n\t\t\t\t<div class=\"row\">\n\t\t\t\t\t<div class=\"col-xl-6 col-lg-6 col-md-6 col-sm-12 col-xs-12\">\n\t\t\t\t\t\t<div class=\"campaign-single-left\">\n\t\t\t\t\t\t\t\n<div class=\"cf-item-media style-default\">\n\n\t\t\t\n\t\t<div class=\"swiper-slider-wrapper\">\n\t\t\t<div class=\"swiper-content-inner\">  \n\t\t\t\t<div class=\"init-carousel-swiper swiper\" data-carousel='{\"items\":1,\"items_lg\":1,\"items_md\":1,\"items_sm\":1,\"items_xs\":1,\"items_xx\":1,\"effect\":\"slide\",\"space_between\":30,\"loop\":1,\"speed\":600,\"autoplay\":1,\"autoplay_delay\":4500,\"autoplay_hover\":1,\"navigation\":1,\"pagination\":1,\"dynamic_bullets\":1,\"pagination_type\":\"bullets\"}'>\n\t\t\t\t\t<div class=\"swiper-wrapper\">\n\t\t\t\t\t\t<div class=\"swiper-slide\"><img width=\"1224\" height=\"1224\" src=\"https:\/\/www.fondocg.org\/wp-content\/uploads\/2025\/07\/Articulo-subasta-02e.jpg\" class=\"attachment-full size-full\" alt=\"\" decoding=\"async\" srcset=\"https:\/\/www.fondocg.org\/wp-content\/uploads\/2025\/07\/Articulo-subasta-02e.jpg 1224w, https:\/\/www.fondocg.org\/wp-content\/uploads\/2025\/07\/Articulo-subasta-02e-1024x1024.jpg 1024w, https:\/\/www.fondocg.org\/wp-content\/uploads\/2025\/07\/Articulo-subasta-02e-175x175.jpg 175w, https:\/\/www.fondocg.org\/wp-content\/uploads\/2025\/07\/Articulo-subasta-02e-768x768.jpg 768w, https:\/\/www.fondocg.org\/wp-content\/uploads\/2025\/07\/Articulo-subasta-02e-12x12.jpg 12w, https:\/\/www.fondocg.org\/wp-content\/uploads\/2025\/07\/Articulo-subasta-02e-580x580.jpg 580w, https:\/\/www.fondocg.org\/wp-content\/uploads\/2025\/07\/Articulo-subasta-02e-160x160.jpg 160w, https:\/\/www.fondocg.org\/wp-content\/uploads\/2025\/07\/Articulo-subasta-02e-300x300.jpg 300w, https:\/\/www.fondocg.org\/wp-content\/uploads\/2025\/07\/Articulo-subasta-02e-600x600.jpg 600w, https:\/\/www.fondocg.org\/wp-content\/uploads\/2025\/07\/Articulo-subasta-02e-180x180.jpg 180w\" sizes=\"(max-width: 1224px) 100vw, 1224px\" \/><\/div><div class=\"swiper-slide\"><img width=\"1224\" height=\"1224\" src=\"https:\/\/www.fondocg.org\/wp-content\/uploads\/2025\/07\/Articulo-subasta-02b-1.jpg\" class=\"attachment-full size-full\" alt=\"\" decoding=\"async\" srcset=\"https:\/\/www.fondocg.org\/wp-content\/uploads\/2025\/07\/Articulo-subasta-02b-1.jpg 1224w, https:\/\/www.fondocg.org\/wp-content\/uploads\/2025\/07\/Articulo-subasta-02b-1-1024x1024.jpg 1024w, https:\/\/www.fondocg.org\/wp-content\/uploads\/2025\/07\/Articulo-subasta-02b-1-175x175.jpg 175w, https:\/\/www.fondocg.org\/wp-content\/uploads\/2025\/07\/Articulo-subasta-02b-1-768x768.jpg 768w, https:\/\/www.fondocg.org\/wp-content\/uploads\/2025\/07\/Articulo-subasta-02b-1-12x12.jpg 12w, https:\/\/www.fondocg.org\/wp-content\/uploads\/2025\/07\/Articulo-subasta-02b-1-580x580.jpg 580w, https:\/\/www.fondocg.org\/wp-content\/uploads\/2025\/07\/Articulo-subasta-02b-1-160x160.jpg 160w, https:\/\/www.fondocg.org\/wp-content\/uploads\/2025\/07\/Articulo-subasta-02b-1-300x300.jpg 300w, https:\/\/www.fondocg.org\/wp-content\/uploads\/2025\/07\/Articulo-subasta-02b-1-600x600.jpg 600w, https:\/\/www.fondocg.org\/wp-content\/uploads\/2025\/07\/Articulo-subasta-02b-1-180x180.jpg 180w\" sizes=\"(max-width: 1224px) 100vw, 1224px\" \/><\/div><div class=\"swiper-slide\"><img width=\"1224\" height=\"1224\" src=\"https:\/\/www.fondocg.org\/wp-content\/uploads\/2025\/07\/Articulo-subasta-02f.jpg\" class=\"attachment-full size-full\" alt=\"\" decoding=\"async\" srcset=\"https:\/\/www.fondocg.org\/wp-content\/uploads\/2025\/07\/Articulo-subasta-02f.jpg 1224w, https:\/\/www.fondocg.org\/wp-content\/uploads\/2025\/07\/Articulo-subasta-02f-1024x1024.jpg 1024w, https:\/\/www.fondocg.org\/wp-content\/uploads\/2025\/07\/Articulo-subasta-02f-175x175.jpg 175w, https:\/\/www.fondocg.org\/wp-content\/uploads\/2025\/07\/Articulo-subasta-02f-768x768.jpg 768w, https:\/\/www.fondocg.org\/wp-content\/uploads\/2025\/07\/Articulo-subasta-02f-12x12.jpg 12w, https:\/\/www.fondocg.org\/wp-content\/uploads\/2025\/07\/Articulo-subasta-02f-580x580.jpg 580w, https:\/\/www.fondocg.org\/wp-content\/uploads\/2025\/07\/Articulo-subasta-02f-160x160.jpg 160w, https:\/\/www.fondocg.org\/wp-content\/uploads\/2025\/07\/Articulo-subasta-02f-300x300.jpg 300w, https:\/\/www.fondocg.org\/wp-content\/uploads\/2025\/07\/Articulo-subasta-02f-600x600.jpg 600w, https:\/\/www.fondocg.org\/wp-content\/uploads\/2025\/07\/Articulo-subasta-02f-180x180.jpg 180w\" sizes=\"(max-width: 1224px) 100vw, 1224px\" \/><\/div><div class=\"swiper-slide\"><img width=\"1224\" height=\"1224\" src=\"https:\/\/www.fondocg.org\/wp-content\/uploads\/2025\/07\/Articulo-subasta-02c.jpg\" class=\"attachment-full size-full\" alt=\"\" decoding=\"async\" srcset=\"https:\/\/www.fondocg.org\/wp-content\/uploads\/2025\/07\/Articulo-subasta-02c.jpg 1224w, https:\/\/www.fondocg.org\/wp-content\/uploads\/2025\/07\/Articulo-subasta-02c-1024x1024.jpg 1024w, https:\/\/www.fondocg.org\/wp-content\/uploads\/2025\/07\/Articulo-subasta-02c-175x175.jpg 175w, https:\/\/www.fondocg.org\/wp-content\/uploads\/2025\/07\/Articulo-subasta-02c-768x768.jpg 768w, https:\/\/www.fondocg.org\/wp-content\/uploads\/2025\/07\/Articulo-subasta-02c-12x12.jpg 12w, https:\/\/www.fondocg.org\/wp-content\/uploads\/2025\/07\/Articulo-subasta-02c-580x580.jpg 580w, https:\/\/www.fondocg.org\/wp-content\/uploads\/2025\/07\/Articulo-subasta-02c-160x160.jpg 160w, https:\/\/www.fondocg.org\/wp-content\/uploads\/2025\/07\/Articulo-subasta-02c-300x300.jpg 300w, https:\/\/www.fondocg.org\/wp-content\/uploads\/2025\/07\/Articulo-subasta-02c-600x600.jpg 600w, https:\/\/www.fondocg.org\/wp-content\/uploads\/2025\/07\/Articulo-subasta-02c-180x180.jpg 180w\" sizes=\"(max-width: 1224px) 100vw, 1224px\" \/><\/div><div class=\"swiper-slide\"><img width=\"1224\" height=\"1224\" src=\"https:\/\/www.fondocg.org\/wp-content\/uploads\/2025\/07\/Articulo-subasta-02d.jpg\" class=\"attachment-full size-full\" alt=\"\" decoding=\"async\" srcset=\"https:\/\/www.fondocg.org\/wp-content\/uploads\/2025\/07\/Articulo-subasta-02d.jpg 1224w, https:\/\/www.fondocg.org\/wp-content\/uploads\/2025\/07\/Articulo-subasta-02d-1024x1024.jpg 1024w, https:\/\/www.fondocg.org\/wp-content\/uploads\/2025\/07\/Articulo-subasta-02d-175x175.jpg 175w, https:\/\/www.fondocg.org\/wp-content\/uploads\/2025\/07\/Articulo-subasta-02d-768x768.jpg 768w, https:\/\/www.fondocg.org\/wp-content\/uploads\/2025\/07\/Articulo-subasta-02d-12x12.jpg 12w, https:\/\/www.fondocg.org\/wp-content\/uploads\/2025\/07\/Articulo-subasta-02d-580x580.jpg 580w, https:\/\/www.fondocg.org\/wp-content\/uploads\/2025\/07\/Articulo-subasta-02d-160x160.jpg 160w, https:\/\/www.fondocg.org\/wp-content\/uploads\/2025\/07\/Articulo-subasta-02d-300x300.jpg 300w, https:\/\/www.fondocg.org\/wp-content\/uploads\/2025\/07\/Articulo-subasta-02d-600x600.jpg 600w, https:\/\/www.fondocg.org\/wp-content\/uploads\/2025\/07\/Articulo-subasta-02d-180x180.jpg 180w\" sizes=\"(max-width: 1224px) 100vw, 1224px\" \/><\/div>\t\t\t\t\t<\/div>\n\t\t\t\t<\/div>\n\t\t\t<\/div>   \n\t\t\t<div class=\"swiper-pagination\"><\/div>\n\t\t\t<div class=\"swiper-nav-next\"><\/div><div class=\"swiper-nav-prev\"><\/div>\n\t\t<\/div>\n\n\t\n\t<div class=\"campaign_loved_html\">\n\t\t<a href=\"javascript:;\" class=\"love_this_campaign\" data-campaign-id=\"2088\"><i class=\"wpneo-icon wpneo-icon-love-empty\"><\/i><\/a>\t<\/div>\n\t<div class=\"campaign-media\">\n\t\t<div class=\"campaign-gallery\">\n\t\t\t\t\t\t\t\t  <a class=\"campaign-gallery-link\" href=\"https:\/\/www.fondocg.org\/wp-content\/uploads\/2025\/07\/Articulo-subasta-02e.jpg\" data-elementor-lightbox-slideshow=\"2938564451\">\n\t\t\t\t\t\t <i class=\"qicon-camera-1\"><\/i><span>5<\/span>\t\t\t\t\t  <\/a>\n\t\t\t\t   \t\t\t\t\t  <a class=\"hidden\" href=\"https:\/\/www.fondocg.org\/wp-content\/uploads\/2025\/07\/Articulo-subasta-02b-1.jpg\" data-elementor-lightbox-slideshow=\"2938564451\">\n\t\t\t\t\t\t \t\t\t\t\t  <\/a>\n\t\t\t\t   \t\t\t\t\t  <a class=\"hidden\" href=\"https:\/\/www.fondocg.org\/wp-content\/uploads\/2025\/07\/Articulo-subasta-02f.jpg\" data-elementor-lightbox-slideshow=\"2938564451\">\n\t\t\t\t\t\t \t\t\t\t\t  <\/a>\n\t\t\t\t   \t\t\t\t\t  <a class=\"hidden\" href=\"https:\/\/www.fondocg.org\/wp-content\/uploads\/2025\/07\/Articulo-subasta-02c.jpg\" data-elementor-lightbox-slideshow=\"2938564451\">\n\t\t\t\t\t\t \t\t\t\t\t  <\/a>\n\t\t\t\t   \t\t\t\t\t  <a class=\"hidden\" href=\"https:\/\/www.fondocg.org\/wp-content\/uploads\/2025\/07\/Articulo-subasta-02d.jpg\" data-elementor-lightbox-slideshow=\"2938564451\">\n\t\t\t\t\t\t \t\t\t\t\t  <\/a>\n\t\t\t\t   \t\t<\/div>\n\t<\/div>\t\n\n<\/div>\n\n<div class=\"cf-item-short-story\">\n\t<div class=\"clearfix\"><\/div>\n\t<div class=\"wpneo-single-short-description\">\n\t\t<h2 class=\"title\">Short Story<\/h2>\n\t   <div itemprop=\"description\">\n\t      \t   <\/div>\n\t<\/div>\n<\/div>\t\t\t\t\t\t<\/div>\t\n\t\t\t\t\t<\/div> \n\n\t\t\t\t\t<div class=\"col-xl-6 col-lg-6 col-md-6 col-sm-12 col-xs-12\">\n\t\t\t\t\t\t<div class=\"campaign-single-summary campaign-single-right\">\n\t\t\t\t\t\t\t<div class=\"wpneo-campaign-summary-inner\" itemscope itemtype=\"http:\/\/schema.org\/DonateAction\">\n\t\t\t\t\t\t\t\t\n\t\t\t\t\t\t\t\t<div class=\"campaign-meta clearfix\">\n\t\t\t\t\t\t\t\t\t<div class=\"cf-item-category\">\n\t\t\t\t\t\t\t\t\t\t<div class=\"campaign-categories\">\n\t\t\t\t\t\t\t\t\t\t\t<span class=\"posted_in\"> <a href=\"https:\/\/www.fondocg.org\/en\/product-category\/servicios\/\" rel=\"tag\">Servicios<\/a><\/span>\t\t\t\t\t\t\t\t\t\t<\/div>\n\t\t\t\t\t\t\t\t\t<\/div>\t\n\t\t\t\t\t\t\t\t\t\t\t\t\t\t\t\t\t<\/div>\n\t\t\t\t\t\t\t\t\t\t\n\t\t\t\t\t\t\t\t<h2 class=\"wpneo-campaign-title\">Sesi\u00f3n Fotogr\u00e1fica<\/h2>\n\t\t\t\t\t\t\t\t\n\t\t\t\t\t\t\t\t<div class=\"cf-creator-info\">\n\t\t\t\t\t\t\t\t\t\n<div class=\"wpneo-campaign-creator-info-wrapper\">\n    <div class=\"wpneo-campaign-creator-avatar\">\n                                    <img alt='' src='https:\/\/www.fondocg.org\/wp-content\/litespeed\/avatar\/bfa79cb3880724007ab98dcacfbdbcd1.jpg?ver=1777078742' srcset='https:\/\/www.fondocg.org\/wp-content\/litespeed\/avatar\/7f9bcd22ff6c594cd9db2a0df8ae127b.jpg?ver=1777078742 2x' class='avatar avatar-80 photo' height='80' width='80' decoding='async'\/>                        <\/div>\n    <div class=\"wpneo-campaign-creator-details\">\n        <div class=\"creator-name\">\n            <span>By<\/span>\n            <a href=\"javascript:;\" data-author=\"1\" class=\"wpneo-fund-modal-btn\" >Aaron Vargas Serrano<\/a>\n        <\/div>\n        <div class=\"creator-meta\">\n            0            Campaigns | 0            Loved campaigns        <\/div>\n            <\/div>\n<\/div>\t\t\t\t\t\t\t\t<\/div>\t\n\n\t\t\t\t\t\t\t\t<div class=\"campaign-info cf-item-info\">\n\t\t\t\t\t\t\t\t\t<div class=\"campaign-pledged item-info\">\n\t\t\t\t\t\t\t\t\t\t<div class=\"content-inner\">\n\t\t\t\t\t\t\t\t\t\t\t <div class=\"meta-value\"><span class=\"woocommerce-Price-amount amount\"><bdi><span class=\"woocommerce-Price-currencySymbol\">&#36;<\/span>0.00<\/bdi><\/span><\/div>\n\t\t\t\t\t\t\t\t\t\t\t <div class=\"title\">Pledged<\/div>\n\t\t\t\t\t\t\t\t\t\t<\/div>   \n\t\t\t\t\t\t\t\t\t<\/div>\n\t\t\t\t\t\t\t\t\t<div class=\"campaign-backers item-info\">\n\t\t\t\t\t\t\t\t\t\t<div class=\"content-inner\">\n\t\t\t\t\t\t\t\t\t\t \t<div class=\"meta-value\">0<\/div>\n\t\t\t\t\t\t\t\t\t\t \t<div class=\"title\">Backers<\/div>\n\t\t\t\t\t\t\t\t\t\t<\/div>\n\t\t\t\t\t\t\t\t\t<\/div>\n\t\t\t\t\t\t\t\t\t<div class=\"camapign-time_remaining item-info\">\n\t\t\t\t\t\t\t\t\t\t    <div class=\"time-remaining\">\n        <i class=\"time-icon fa-solid fa-clock\"><\/i>\n                                <span class=\"info-value time-remaining-desc\">0<\/span>\n            \n                 \n                <span class=\"info-label time-remaining-name\">Days Remaining<\/span>\n              \n\n            <\/div>\n\t\t\t\t\t\t\t\t\t<\/div>\n\t\t\t\t\t\t\t\t<\/div>\n\n\t\t\t\t\t\t\t\t<div class=\"cf-item-progress\">\n\n\t\t\t\t\t\t\t\t\t<!-- Campaign Raised -->\n\t\t\t\t\t\t\t\t\t<div class=\"campaign-raised\">\n\t\t\t\t\t\t\t\t\t\t<div class=\"campaign-raised-label\">Raised: <\/div>\n\t\t\t\t\t\t\t\t\t\t<div class=\"campaign-percent_raised\">0.0%<\/div>\n\t\t\t\t\t\t\t\t\t<\/div>\n\t\t\t\t\t\t\t\t\t<div class=\"campaign-progress clearfix\">\n\t\t\t\t\t\t\t\t\t\t<div class=\"progress\">\n\t\t\t\t\t\t\t\t\t\t\t<div class=\"progress-bar\" data-progress-animation=\"0%\">\n\t\t\t\t\t\t\t\t\t\t\t\t<span class=\"percentage\"><span><\/span><\/span>\n\t\t\t\t\t\t\t\t\t\t\t<\/div>\n\t\t\t\t\t\t\t\t\t\t<\/div>\n\t\t\t\t\t\t\t\t\t<\/div>\n\t\t\t\t\t\t\t\t \t<!-- End Campaign Raised -->\n\n\t\t\t\t\t\t\t\t\t<div class=\"campaign-goal\">\n\t\t\t\t\t\t\t\t\t\t<span class=\"label-goal\">Goal:<\/span>\n\t\t\t\t\t\t\t\t\t\t<span class=\"value-goal\"><span class=\"woocommerce-Price-amount amount\"><bdi><span class=\"woocommerce-Price-currencySymbol\">&#36;<\/span>0.00<\/bdi><\/span><\/span>\n\t\t\t\t\t\t\t\t\t<\/div> \n\t\t\t\t\t\t\t\t<\/div>\t\n\n\t\t\t\t\t\t\t\t<div class=\"cf-item-button-donate\">\n\t\t\t\t\t\t\t\t \t<div class=\"wpneo-single-sidebar ASA\">\n\t<\/div>\t\t\t\t\t\t\t\t<\/div> \t\n\n\t\t\t\t\t\t\t\t \n\t\t\t\t\t\t\t<\/div>\n\t\t\t\t\t\t<\/div>\n\t\t\t\t\t<\/div>  \n\n\t\t\t\t\t <\/div>\n\n\t\t\t\t<\/div>\n\t\t <\/div>         \n\t\t \n\t\t <div class=\"campaign-bottom\">\n\t\t\t\t<div class=\"container\">\n\t\t\t\t\t<div class=\"row\">\n\t\t\t\t\t\t<!-- Main content -->\n\t\t\t\t\t\t<div class=\"col-12\">\n\t\t\t\t\t\t\t                                     <div class=\"social-container\">\n                <span class=\"title\">Share: <\/span>\n                <div class=\"links\">\n                                            <a href=\"javascript:void(0)\" class=\"wpcf-share s_facebook\"><i class=\"wpneo-icon wpneo-icon-facebook\"><\/i> <\/a>\n                                                                <a href=\"javascript:void(0)\" class=\"wpcf-share s_twitter\"><i class=\"wpneo-icon wpneo-icon-twitter\"><\/i> <\/a>\n                                                                                    <a href=\"javascript:void(0)\" class=\"wpcf-share s_linkedin\"><i class=\"wpneo-icon wpneo-icon-linkedin\"><\/i> <\/a>\n                                                                                                                                                                                                                                <a href=\"javascript:void(0)\" class=\"wpcf-share s_whatsapp\"><i class=\"wpneo-icon wpneo-icon-whatsapp\"><\/i> <\/a>\n                                                        <\/div>\n            <\/div>\n\n            <script type=\"text\/javascript\">\n                jQuery(document).ready(function($){\n                    $('.wpcf-share').ShareLink({\n                        title: \"Sesi\u00f3n Fotogr\u00e1fica\",\n                        text: \"\",\n                        image: \"https:\/\/www.fondocg.org\/wp-content\/uploads\/2025\/07\/Articulo-subasta-02a.jpg\",\n                        url: \"https:\/\/www.fondocg.org\/en\/product\/sesion-fotografica\/\"\n                    });\n                });\n            <\/script>\n            \n    \n\t <div class=\"wpneo-tabs\">\n\t\t  <ul class=\"wpneo-tabs-menu\">\n\t\t\t\t\t\t\t\t\t <li class=\"wpneo-current description_tab\">\n\t\t\t\t\t\t  <a href=\"#wpneo-tab-description\">Story<\/a>\n\t\t\t\t\t <\/li>\n\t\t\t\t\t\t  <\/ul>\n\t\t  <div class=\"wpneo-tab\">\n\t\t\t\t\t\t\t\t\t  <div id=\"wpneo-tab-description\" class=\"wpneo-tab-content\"style=\"display: block;\">\n\t\t\t\t\t\t\t\t<div class=\"row\">\n          <div class=\"tab-description tab-campaign-story-left col-xl-12 col-lg-12 col-md-12 col-sm-12 col-xs-12\">\n           <h2>Story<\/h2>\n           <p>Reg\u00e1late una sesi\u00f3n porfesional para ti o tu familia en entorno exterior o interior. Conserva y atesora gratos momentos.<\/p>\n<p>&nbsp;<\/p>\n\n       <\/div>\n   \n   <div class=\"tab-rewards tab-campaign-story-right col-xl-9 col-lg-9 col-md-9 col-sm-9 col-xs-12\">\n      <div style=\"clear: both\"><\/div>   \t<div style=\"clear: both\"><\/div>\n   <\/div>\n<\/div>\t\t\t\t\t  <\/div>\n\t\t\t\t\t\t  <\/div>\n\t\t  <div class=\"clear-float\"><\/div>\n\t <\/div>\n\n\n\t\t\t\t\t\t\t <meta itemprop=\"url\" content=\"https:\/\/www.fondocg.org\/en\/product\/sesion-fotografica\/\" \/>\n\t\t\t\t\t\t<\/div>  \n\t\t\t\t\t\t<!-- End Main content -->\n\t\t\t\t\t<\/div>   \n\t\t\t\t<\/div>   \n\t\t <\/div> \n\t<\/div>\n\t\t<\/div>    ","wpcf_popular_campaign":[],"wpcf_project_listing":[],"_links":{"self":[{"href":"https:\/\/www.fondocg.org\/en\/wp-json\/wp\/v2\/product\/2088","targetHints":{"allow":["GET"]}}],"collection":[{"href":"https:\/\/www.fondocg.org\/en\/wp-json\/wp\/v2\/product"}],"about":[{"href":"https:\/\/www.fondocg.org\/en\/wp-json\/wp\/v2\/types\/product"}],"version-history":[{"count":4,"href":"https:\/\/www.fondocg.org\/en\/wp-json\/wp\/v2\/product\/2088\/revisions"}],"predecessor-version":[{"id":2297,"href":"https:\/\/www.fondocg.org\/en\/wp-json\/wp\/v2\/product\/2088\/revisions\/2297"}],"wp:featuredmedia":[{"embeddable":true,"href":"https:\/\/www.fondocg.org\/en\/wp-json\/wp\/v2\/media\/1933"}],"wp:attachment":[{"href":"https:\/\/www.fondocg.org\/en\/wp-json\/wp\/v2\/media?parent=2088"}],"wp:term":[{"taxonomy":"product_brand","embeddable":true,"href":"https:\/\/www.fondocg.org\/en\/wp-json\/wp\/v2\/product_brand?post=2088"},{"taxonomy":"product_cat","embeddable":true,"href":"https:\/\/www.fondocg.org\/en\/wp-json\/wp\/v2\/product_cat?post=2088"},{"taxonomy":"product_tag","embeddable":true,"href":"https:\/\/www.fondocg.org\/en\/wp-json\/wp\/v2\/product_tag?post=2088"}],"curies":[{"name":"wp","href":"https:\/\/api.w.org\/{rel}","templated":true}]}}