{"id":2128,"date":"2025-08-11T22:48:43","date_gmt":"2025-08-12T04:48:43","guid":{"rendered":"https:\/\/www.fondocg.org\/?post_type=product&#038;p=2128"},"modified":"2025-09-05T10:47:07","modified_gmt":"2025-09-05T16:47:07","slug":"sabores-y-aventura","status":"publish","type":"product","link":"https:\/\/www.fondocg.org\/en\/product\/sabores-y-aventura\/","title":{"rendered":"Sabores y Aventura"},"content":{"rendered":"<p class=\"cvGsUA direction-ltr align-start para-style-body\"><span class=\"OYPEnA font-feature-liga-off font-feature-clig-off font-feature-calt-off text-decoration-none text-strikethrough-none\">Un almuerzo o cena de bienvenida a la comunidad para 4 personas + Un tour de manglar en kayak para 4 personas.<\/span><\/p>\n<p class=\"cvGsUA direction-ltr align-start para-style-body\"><span class=\"OYPEnA font-feature-liga-off font-feature-clig-off font-feature-calt-off text-decoration-none text-strikethrough-none\">Viv\u00ed una experiencia completa: comenz\u00e1 con un delicioso almuerzo o cena de bienvenida y luego explor\u00e1 la belleza natural del manglar a bordo de un kayak. \u00a1Gastronom\u00eda y aventura en un solo paquete!<\/span><\/p>\n<p>&nbsp;<\/p>","protected":false},"excerpt":{"rendered":"<p>Un almuerzo o cena de bienvenida a la comunidad para 4 personas + Un tour de manglar en kayak para 4 personas. Viv\u00ed una experiencia completa: comenz\u00e1 con un delicioso [&hellip;]<\/p>\n","protected":false},"featured_media":2153,"template":"","meta":{"give_campaign_id":0},"product_brand":[],"product_cat":[58,59],"product_tag":[69],"class_list":{"0":"post-2128","1":"product","2":"type-product","3":"status-publish","4":"has-post-thumbnail","6":"product_cat-productos","7":"product_cat-servicios","8":"product_tag-ab","10":"first","11":"instock","12":"sold-individually","13":"shipping-taxable","14":"purchasable","15":"product-type-simple"},"column":"2","wpcf_product":{"display_name":"Aaron Vargas Serrano","location":"","funding_goal":"","total_raised":0,"raised_percent":"0%","desc":"Un almuerzo o cena d","days_remaining":0,"product_thumb":"<img width=\"300\" height=\"300\" src=\"https:\/\/www.fondocg.org\/wp-content\/uploads\/2025\/08\/5-300x300.jpg\" class=\"attachment-woocommerce_thumbnail size-woocommerce_thumbnail\" alt=\"Sabores y Aventura\" decoding=\"async\" srcset=\"https:\/\/www.fondocg.org\/wp-content\/uploads\/2025\/08\/5-300x300.jpg 300w, https:\/\/www.fondocg.org\/wp-content\/uploads\/2025\/08\/5-1024x1024.jpg 1024w, https:\/\/www.fondocg.org\/wp-content\/uploads\/2025\/08\/5-175x175.jpg 175w, https:\/\/www.fondocg.org\/wp-content\/uploads\/2025\/08\/5-768x768.jpg 768w, https:\/\/www.fondocg.org\/wp-content\/uploads\/2025\/08\/5-12x12.jpg 12w, https:\/\/www.fondocg.org\/wp-content\/uploads\/2025\/08\/5-580x580.jpg 580w, https:\/\/www.fondocg.org\/wp-content\/uploads\/2025\/08\/5-600x600.jpg 600w, https:\/\/www.fondocg.org\/wp-content\/uploads\/2025\/08\/5-180x180.jpg 180w, https:\/\/www.fondocg.org\/wp-content\/uploads\/2025\/08\/5.jpg 1224w\" sizes=\"(max-width: 300px) 100vw, 300px\" \/>"},"wpcf_dashboard":"<div class=\"woocommerce\"><div class=\"woocommerce-info\">Please log in first? <a class=\"wpneoShowLogin\" href=\"#\">Click here to login<\/a><\/div><div class=\"wpneo_login_form_div\" style=\"display: none;\"><form name=\"loginform\" id=\"loginform\" action=\"https:\/\/www.fondocg.org\/wp-login.php\" method=\"post\"><p class=\"login-username\">\n\t\t\t\t<label for=\"user_login\">Username or Email Address<\/label>\n\t\t\t\t<input type=\"text\" name=\"log\" id=\"user_login\" autocomplete=\"username\" class=\"input\" value=\"\" size=\"20\" \/>\n\t\t\t<\/p><p class=\"login-password\">\n\t\t\t\t<label for=\"user_pass\">Password<\/label>\n\t\t\t\t<input type=\"password\" name=\"pwd\" id=\"user_pass\" autocomplete=\"current-password\" spellcheck=\"false\" class=\"input\" value=\"\" size=\"20\" \/>\n\t\t\t<\/p><input type=\"hidden\" name=\"g-recaptcha-response\" class=\"agr-recaptcha-response\" value=\"\" \/><script>\r\n                function wpcaptcha_captcha(){\r\n                    grecaptcha.execute(\"6LdjVI0qAAAAAKJR8nkiHhwpuqGW5TYGsZzxR6R9\", {action: \"submit\"}).then(function(token) {\r\n                        var captchas = document.querySelectorAll(\".agr-recaptcha-response\");\r\n                        captchas.forEach(function(captcha) {\r\n                            captcha.value = token;\r\n                        });\r\n                    });\r\n                }\r\n                <\/script><script>\r\n                    jQuery(\"form.woocommerce-checkout\").on(\"submit\", function(){\r\n                        setTimeout(function(){\r\n                            wpcaptcha_captcha();\r\n                        },100);\r\n                    });\r\n                <\/script><script src='https:\/\/www.google.com\/recaptcha\/api.js?onload=wpcaptcha_captcha&render=6LdjVI0qAAAAAKJR8nkiHhwpuqGW5TYGsZzxR6R9&ver=1.31' id='wpcaptcha-recaptcha-js'><\/script><p class=\"login-remember\"><label><input name=\"rememberme\" type=\"checkbox\" id=\"rememberme\" value=\"forever\" \/> Remember Me<\/label><\/p><p class=\"login-submit\">\n\t\t\t\t<input type=\"submit\" name=\"wp-submit\" id=\"wp-submit\" class=\"button button-primary\" value=\"Log In\" \/>\n\t\t\t\t<input type=\"hidden\" name=\"redirect_to\" value=\"https:\/\/www.fondocg.org\/en\/wp-json\/wp\/v2\/product\/2128\" \/>\n\t\t\t<\/p><\/form><\/div><\/div>","wpcf_single_campaign":"\n<div class=\"wpneo-list-details cf-single-content-only\">\n\t<div itemscope itemtype=\"http:\/\/schema.org\/ItemList\">\n\t\t<div class=\"campaign-top\">\n\t\t\t<div class=\"container\">\n\t\t\t\t<div class=\"row\">\n\t\t\t\t\t<div class=\"col-xl-6 col-lg-6 col-md-6 col-sm-12 col-xs-12\">\n\t\t\t\t\t\t<div class=\"campaign-single-left\">\n\t\t\t\t\t\t\t\n<div class=\"cf-item-media style-default\">\n\n\t\t\t\n\t\t<div class=\"swiper-slider-wrapper\">\n\t\t\t<div class=\"swiper-content-inner\">  \n\t\t\t\t<div class=\"init-carousel-swiper swiper\" data-carousel='{\"items\":1,\"items_lg\":1,\"items_md\":1,\"items_sm\":1,\"items_xs\":1,\"items_xx\":1,\"effect\":\"slide\",\"space_between\":30,\"loop\":1,\"speed\":600,\"autoplay\":1,\"autoplay_delay\":4500,\"autoplay_hover\":1,\"navigation\":1,\"pagination\":1,\"dynamic_bullets\":1,\"pagination_type\":\"bullets\"}'>\n\t\t\t\t\t<div class=\"swiper-wrapper\">\n\t\t\t\t\t\t\t\t\t\t\t<\/div>\n\t\t\t\t<\/div>\n\t\t\t<\/div>   \n\t\t\t<div class=\"swiper-pagination\"><\/div>\n\t\t\t<div class=\"swiper-nav-next\"><\/div><div class=\"swiper-nav-prev\"><\/div>\n\t\t<\/div>\n\n\t\n\t<div class=\"campaign_loved_html\">\n\t\t<a href=\"javascript:;\" class=\"love_this_campaign\" data-campaign-id=\"2128\"><i class=\"wpneo-icon wpneo-icon-love-empty\"><\/i><\/a>\t<\/div>\n\t<div class=\"campaign-media\">\n\t\t<div class=\"campaign-gallery\">\n\t\t\t\t\t<\/div>\n\t<\/div>\t\n\n<\/div>\n\n<div class=\"cf-item-short-story\">\n\t<div class=\"clearfix\"><\/div>\n\t<div class=\"wpneo-single-short-description\">\n\t\t<h2 class=\"title\">Short Story<\/h2>\n\t   <div itemprop=\"description\">\n\t      \t   <\/div>\n\t<\/div>\n<\/div>\t\t\t\t\t\t<\/div>\t\n\t\t\t\t\t<\/div> \n\n\t\t\t\t\t<div class=\"col-xl-6 col-lg-6 col-md-6 col-sm-12 col-xs-12\">\n\t\t\t\t\t\t<div class=\"campaign-single-summary campaign-single-right\">\n\t\t\t\t\t\t\t<div class=\"wpneo-campaign-summary-inner\" itemscope itemtype=\"http:\/\/schema.org\/DonateAction\">\n\t\t\t\t\t\t\t\t\n\t\t\t\t\t\t\t\t<div class=\"campaign-meta clearfix\">\n\t\t\t\t\t\t\t\t\t<div class=\"cf-item-category\">\n\t\t\t\t\t\t\t\t\t\t<div class=\"campaign-categories\">\n\t\t\t\t\t\t\t\t\t\t\t<span class=\"posted_in\"> <a href=\"https:\/\/www.fondocg.org\/en\/product-category\/productos\/\" rel=\"tag\">Productos<\/a> | <a href=\"https:\/\/www.fondocg.org\/en\/product-category\/servicios\/\" rel=\"tag\">Servicios<\/a><\/span>\t\t\t\t\t\t\t\t\t\t<\/div>\n\t\t\t\t\t\t\t\t\t<\/div>\t\n\t\t\t\t\t\t\t\t\t\t\t\t\t\t\t\t\t<\/div>\n\t\t\t\t\t\t\t\t\t\t\n\t\t\t\t\t\t\t\t<h2 class=\"wpneo-campaign-title\">Sabores y Aventura<\/h2>\n\t\t\t\t\t\t\t\t\n\t\t\t\t\t\t\t\t<div class=\"cf-creator-info\">\n\t\t\t\t\t\t\t\t\t\n<div class=\"wpneo-campaign-creator-info-wrapper\">\n    <div class=\"wpneo-campaign-creator-avatar\">\n                                    <img alt='' src='https:\/\/www.fondocg.org\/wp-content\/litespeed\/avatar\/bfa79cb3880724007ab98dcacfbdbcd1.jpg?ver=1777078742' srcset='https:\/\/www.fondocg.org\/wp-content\/litespeed\/avatar\/7f9bcd22ff6c594cd9db2a0df8ae127b.jpg?ver=1777078742 2x' class='avatar avatar-80 photo' height='80' width='80' decoding='async'\/>                        <\/div>\n    <div class=\"wpneo-campaign-creator-details\">\n        <div class=\"creator-name\">\n            <span>By<\/span>\n            <a href=\"javascript:;\" data-author=\"1\" class=\"wpneo-fund-modal-btn\" >Aaron Vargas Serrano<\/a>\n        <\/div>\n        <div class=\"creator-meta\">\n            0            Campaigns | 0            Loved campaigns        <\/div>\n            <\/div>\n<\/div>\t\t\t\t\t\t\t\t<\/div>\t\n\n\t\t\t\t\t\t\t\t<div class=\"campaign-info cf-item-info\">\n\t\t\t\t\t\t\t\t\t<div class=\"campaign-pledged item-info\">\n\t\t\t\t\t\t\t\t\t\t<div class=\"content-inner\">\n\t\t\t\t\t\t\t\t\t\t\t <div class=\"meta-value\"><span class=\"woocommerce-Price-amount amount\"><bdi><span class=\"woocommerce-Price-currencySymbol\">&#36;<\/span>0.00<\/bdi><\/span><\/div>\n\t\t\t\t\t\t\t\t\t\t\t <div class=\"title\">Pledged<\/div>\n\t\t\t\t\t\t\t\t\t\t<\/div>   \n\t\t\t\t\t\t\t\t\t<\/div>\n\t\t\t\t\t\t\t\t\t<div class=\"campaign-backers item-info\">\n\t\t\t\t\t\t\t\t\t\t<div class=\"content-inner\">\n\t\t\t\t\t\t\t\t\t\t \t<div class=\"meta-value\">0<\/div>\n\t\t\t\t\t\t\t\t\t\t \t<div class=\"title\">Backers<\/div>\n\t\t\t\t\t\t\t\t\t\t<\/div>\n\t\t\t\t\t\t\t\t\t<\/div>\n\t\t\t\t\t\t\t\t\t<div class=\"camapign-time_remaining item-info\">\n\t\t\t\t\t\t\t\t\t\t    <div class=\"time-remaining\">\n        <i class=\"time-icon fa-solid fa-clock\"><\/i>\n                                <span class=\"info-value time-remaining-desc\">0<\/span>\n            \n                 \n                <span class=\"info-label time-remaining-name\">Days Remaining<\/span>\n              \n\n            <\/div>\n\t\t\t\t\t\t\t\t\t<\/div>\n\t\t\t\t\t\t\t\t<\/div>\n\n\t\t\t\t\t\t\t\t<div class=\"cf-item-progress\">\n\n\t\t\t\t\t\t\t\t\t<!-- Campaign Raised -->\n\t\t\t\t\t\t\t\t\t<div class=\"campaign-raised\">\n\t\t\t\t\t\t\t\t\t\t<div class=\"campaign-raised-label\">Raised: <\/div>\n\t\t\t\t\t\t\t\t\t\t<div class=\"campaign-percent_raised\">0.0%<\/div>\n\t\t\t\t\t\t\t\t\t<\/div>\n\t\t\t\t\t\t\t\t\t<div class=\"campaign-progress clearfix\">\n\t\t\t\t\t\t\t\t\t\t<div class=\"progress\">\n\t\t\t\t\t\t\t\t\t\t\t<div class=\"progress-bar\" data-progress-animation=\"0%\">\n\t\t\t\t\t\t\t\t\t\t\t\t<span class=\"percentage\"><span><\/span><\/span>\n\t\t\t\t\t\t\t\t\t\t\t<\/div>\n\t\t\t\t\t\t\t\t\t\t<\/div>\n\t\t\t\t\t\t\t\t\t<\/div>\n\t\t\t\t\t\t\t\t \t<!-- End Campaign Raised -->\n\n\t\t\t\t\t\t\t\t\t<div class=\"campaign-goal\">\n\t\t\t\t\t\t\t\t\t\t<span class=\"label-goal\">Goal:<\/span>\n\t\t\t\t\t\t\t\t\t\t<span class=\"value-goal\"><span class=\"woocommerce-Price-amount amount\"><bdi><span class=\"woocommerce-Price-currencySymbol\">&#36;<\/span>0.00<\/bdi><\/span><\/span>\n\t\t\t\t\t\t\t\t\t<\/div> \n\t\t\t\t\t\t\t\t<\/div>\t\n\n\t\t\t\t\t\t\t\t<div class=\"cf-item-button-donate\">\n\t\t\t\t\t\t\t\t \t<div class=\"wpneo-single-sidebar ASA\">\n\t<\/div>\t\t\t\t\t\t\t\t<\/div> \t\n\n\t\t\t\t\t\t\t\t \n\t\t\t\t\t\t\t<\/div>\n\t\t\t\t\t\t<\/div>\n\t\t\t\t\t<\/div>  \n\n\t\t\t\t\t <\/div>\n\n\t\t\t\t<\/div>\n\t\t <\/div>         \n\t\t \n\t\t <div class=\"campaign-bottom\">\n\t\t\t\t<div class=\"container\">\n\t\t\t\t\t<div class=\"row\">\n\t\t\t\t\t\t<!-- Main content -->\n\t\t\t\t\t\t<div class=\"col-12\">\n\t\t\t\t\t\t\t                                     <div class=\"social-container\">\n                <span class=\"title\">Share: <\/span>\n                <div class=\"links\">\n                                            <a href=\"javascript:void(0)\" class=\"wpcf-share s_facebook\"><i class=\"wpneo-icon wpneo-icon-facebook\"><\/i> <\/a>\n                                                                <a href=\"javascript:void(0)\" class=\"wpcf-share s_twitter\"><i class=\"wpneo-icon wpneo-icon-twitter\"><\/i> <\/a>\n                                                                                    <a href=\"javascript:void(0)\" class=\"wpcf-share s_linkedin\"><i class=\"wpneo-icon wpneo-icon-linkedin\"><\/i> <\/a>\n                                                                                                                                                                                                                                <a href=\"javascript:void(0)\" class=\"wpcf-share s_whatsapp\"><i class=\"wpneo-icon wpneo-icon-whatsapp\"><\/i> <\/a>\n                                                        <\/div>\n            <\/div>\n\n            <script type=\"text\/javascript\">\n                jQuery(document).ready(function($){\n                    $('.wpcf-share').ShareLink({\n                        title: \"Sabores y Aventura\",\n                        text: \"\",\n                        image: \"https:\/\/www.fondocg.org\/wp-content\/uploads\/2025\/08\/5.jpg\",\n                        url: \"https:\/\/www.fondocg.org\/en\/product\/sabores-y-aventura\/\"\n                    });\n                });\n            <\/script>\n            \n    \n\t <div class=\"wpneo-tabs\">\n\t\t  <ul class=\"wpneo-tabs-menu\">\n\t\t\t\t\t\t\t\t\t <li class=\"wpneo-current description_tab\">\n\t\t\t\t\t\t  <a href=\"#wpneo-tab-description\">Story<\/a>\n\t\t\t\t\t <\/li>\n\t\t\t\t\t\t  <\/ul>\n\t\t  <div class=\"wpneo-tab\">\n\t\t\t\t\t\t\t\t\t  <div id=\"wpneo-tab-description\" class=\"wpneo-tab-content\"style=\"display: block;\">\n\t\t\t\t\t\t\t\t<div class=\"row\">\n          <div class=\"tab-description tab-campaign-story-left col-xl-12 col-lg-12 col-md-12 col-sm-12 col-xs-12\">\n           <h2>Story<\/h2>\n           <p class=\"cvGsUA direction-ltr align-start para-style-body\"><span class=\"OYPEnA font-feature-liga-off font-feature-clig-off font-feature-calt-off text-decoration-none text-strikethrough-none\">Un almuerzo o cena de bienvenida a la comunidad para 4 personas + Un tour de manglar en kayak para 4 personas.<\/span><\/p>\n<p class=\"cvGsUA direction-ltr align-start para-style-body\"><span class=\"OYPEnA font-feature-liga-off font-feature-clig-off font-feature-calt-off text-decoration-none text-strikethrough-none\">Viv\u00ed una experiencia completa: comenz\u00e1 con un delicioso almuerzo o cena de bienvenida y luego explor\u00e1 la belleza natural del manglar a bordo de un kayak. \u00a1Gastronom\u00eda y aventura en un solo paquete!<\/span><\/p>\n<p>&nbsp;<\/p>\n\n       <\/div>\n   \n   <div class=\"tab-rewards tab-campaign-story-right col-xl-9 col-lg-9 col-md-9 col-sm-9 col-xs-12\">\n      <div style=\"clear: both\"><\/div>   \t<div style=\"clear: both\"><\/div>\n   <\/div>\n<\/div>\t\t\t\t\t  <\/div>\n\t\t\t\t\t\t  <\/div>\n\t\t  <div class=\"clear-float\"><\/div>\n\t <\/div>\n\n\n\t\t\t\t\t\t\t <meta itemprop=\"url\" content=\"https:\/\/www.fondocg.org\/en\/product\/sabores-y-aventura\/\" \/>\n\t\t\t\t\t\t<\/div>  \n\t\t\t\t\t\t<!-- End Main content -->\n\t\t\t\t\t<\/div>   \n\t\t\t\t<\/div>   \n\t\t <\/div> \n\t<\/div>\n\t\t<\/div>    ","wpcf_popular_campaign":[],"wpcf_project_listing":[],"_links":{"self":[{"href":"https:\/\/www.fondocg.org\/en\/wp-json\/wp\/v2\/product\/2128","targetHints":{"allow":["GET"]}}],"collection":[{"href":"https:\/\/www.fondocg.org\/en\/wp-json\/wp\/v2\/product"}],"about":[{"href":"https:\/\/www.fondocg.org\/en\/wp-json\/wp\/v2\/types\/product"}],"version-history":[{"count":5,"href":"https:\/\/www.fondocg.org\/en\/wp-json\/wp\/v2\/product\/2128\/revisions"}],"predecessor-version":[{"id":2260,"href":"https:\/\/www.fondocg.org\/en\/wp-json\/wp\/v2\/product\/2128\/revisions\/2260"}],"wp:featuredmedia":[{"embeddable":true,"href":"https:\/\/www.fondocg.org\/en\/wp-json\/wp\/v2\/media\/2153"}],"wp:attachment":[{"href":"https:\/\/www.fondocg.org\/en\/wp-json\/wp\/v2\/media?parent=2128"}],"wp:term":[{"taxonomy":"product_brand","embeddable":true,"href":"https:\/\/www.fondocg.org\/en\/wp-json\/wp\/v2\/product_brand?post=2128"},{"taxonomy":"product_cat","embeddable":true,"href":"https:\/\/www.fondocg.org\/en\/wp-json\/wp\/v2\/product_cat?post=2128"},{"taxonomy":"product_tag","embeddable":true,"href":"https:\/\/www.fondocg.org\/en\/wp-json\/wp\/v2\/product_tag?post=2128"}],"curies":[{"name":"wp","href":"https:\/\/api.w.org\/{rel}","templated":true}]}}